{"id":9041,"date":"2020-07-20T11:08:20","date_gmt":"2020-07-20T11:08:20","guid":{"rendered":"https:\/\/blissence.org\/?page_id=9041"},"modified":"2025-07-31T16:49:42","modified_gmt":"2025-07-31T16:49:42","slug":"newsletter-popups","status":"publish","type":"page","link":"https:\/\/blissence.org\/?page_id=9041","title":{"rendered":"Politique de protection des donn\u00e9es"},"content":{"rendered":"<style>.elementor-9041 .elementor-element.elementor-element-5a409089 .trx_addons_bg_text{z-index:0;}.elementor-9041 .elementor-element.elementor-element-5a409089 .trx_addons_bg_text.trx_addons_marquee_wrap:not(.trx_addons_marquee_reverse) .trx_addons_marquee_element{padding-right:50px;}.elementor-9041 .elementor-element.elementor-element-5a409089 .trx_addons_bg_text.trx_addons_marquee_wrap.trx_addons_marquee_reverse .trx_addons_marquee_element{padding-left:50px;}.elementor-9041 .elementor-element.elementor-element-6d90e1a .trx_addons_bg_text{z-index:0;}.elementor-9041 .elementor-element.elementor-element-6d90e1a .trx_addons_bg_text.trx_addons_marquee_wrap:not(.trx_addons_marquee_reverse) .trx_addons_marquee_element{padding-right:50px;}.elementor-9041 .elementor-element.elementor-element-6d90e1a .trx_addons_bg_text.trx_addons_marquee_wrap.trx_addons_marquee_reverse .trx_addons_marquee_element{padding-left:50px;}.elementor-9041 .elementor-element.elementor-element-c38352f .trx_addons_bg_text{z-index:0;}.elementor-9041 .elementor-element.elementor-element-c38352f .trx_addons_bg_text.trx_addons_marquee_wrap:not(.trx_addons_marquee_reverse) .trx_addons_marquee_element{padding-right:50px;}.elementor-9041 .elementor-element.elementor-element-c38352f .trx_addons_bg_text.trx_addons_marquee_wrap.trx_addons_marquee_reverse .trx_addons_marquee_element{padding-left:50px;}.elementor-9041 .elementor-element.elementor-element-8b555a2 > .elementor-element-populated{margin:10px 0px 10px 0px;--e-column-margin-right:0px;--e-column-margin-left:0px;}.elementor-9041 .elementor-element.elementor-element-244a0d5{text-align:start;}.elementor-9041 .elementor-element.elementor-element-244a0d5 p{margin-block-end:10px;}<\/style>\t\t<div data-elementor-type=\"wp-page\" data-elementor-id=\"9041\" class=\"elementor elementor-9041\">\n\t\t\t\t\t\t<section class=\"elementor-section elementor-top-section elementor-element elementor-element-5a409089 elementor-section-boxed elementor-section-height-default elementor-section-height-default sc_fly_static\" data-id=\"5a409089\" data-element_type=\"section\" data-e-type=\"section\">\n\t\t\t\t\t\t<div class=\"elementor-container elementor-column-gap-extended\">\n\t\t\t\t\t<div class=\"elementor-column elementor-col-100 elementor-top-column elementor-element elementor-element-1ec17df sc_content_align_inherit sc_layouts_column_icons_position_left sc_fly_static\" data-id=\"1ec17df\" data-element_type=\"column\" data-e-type=\"column\">\n\t\t\t<div class=\"elementor-widget-wrap\">\n\t\t\t\t\t\t\t<\/div>\n\t\t<\/div>\n\t\t\t\t\t<\/div>\n\t\t<\/section>\n\t\t\t\t<section class=\"elementor-section elementor-top-section elementor-element elementor-element-6d90e1a elementor-section-boxed elementor-section-height-default elementor-section-height-default sc_fly_static\" data-id=\"6d90e1a\" data-element_type=\"section\" data-e-type=\"section\">\n\t\t\t\t\t\t<div class=\"elementor-container elementor-column-gap-extended\">\n\t\t\t\t\t<div class=\"elementor-column elementor-col-100 elementor-top-column elementor-element elementor-element-565d9e3 sc_content_align_inherit sc_layouts_column_icons_position_left sc_fly_static\" data-id=\"565d9e3\" data-element_type=\"column\" data-e-type=\"column\">\n\t\t\t<div class=\"elementor-widget-wrap\">\n\t\t\t\t\t\t\t<\/div>\n\t\t<\/div>\n\t\t\t\t\t<\/div>\n\t\t<\/section>\n\t\t\t\t<section class=\"elementor-section elementor-top-section elementor-element elementor-element-c38352f elementor-section-boxed elementor-section-height-default elementor-section-height-default sc_fly_static\" data-id=\"c38352f\" data-element_type=\"section\" data-e-type=\"section\">\n\t\t\t\t\t\t<div class=\"elementor-container elementor-column-gap-extended\">\n\t\t\t\t\t<div class=\"elementor-column elementor-col-100 elementor-top-column elementor-element elementor-element-8b555a2 sc_content_align_inherit sc_layouts_column_icons_position_left sc_fly_static\" data-id=\"8b555a2\" data-element_type=\"column\" data-e-type=\"column\">\n\t\t\t<div class=\"elementor-widget-wrap elementor-element-populated\">\n\t\t\t\t\t\t<div class=\"elementor-element elementor-element-244a0d5 sc_fly_static elementor-widget elementor-widget-text-editor\" data-id=\"244a0d5\" data-element_type=\"widget\" data-e-type=\"widget\" data-widget_type=\"text-editor.default\">\n\t\t\t\t<div class=\"elementor-widget-container\">\n\t\t\t\t\t\t\t\t\t<p data-start=\"88\" data-end=\"296\"><strong data-start=\"88\" data-end=\"120\">1. Responsable du traitement<\/strong><br data-start=\"120\" data-end=\"123\" \/>Le responsable du traitement des donn\u00e9es personnelles collect\u00e9es via ce site est :<br data-start=\"205\" data-end=\"208\" \/><strong data-start=\"208\" data-end=\"221\">Blissence<\/strong><br data-start=\"221\" data-end=\"224\" \/>Rue Sainte-Beuve 3, 1005 Lausanne \u2013 Suisse<br data-start=\"266\" data-end=\"269\" \/>Email : <a class=\"cursor-pointer\" rel=\"noopener\" data-start=\"277\" data-end=\"296\">hello@blissence.org<\/a><\/p><p data-start=\"298\" data-end=\"436\"><strong data-start=\"298\" data-end=\"336\">2. Donn\u00e9es personnelles collect\u00e9es<\/strong><br data-start=\"336\" data-end=\"339\" \/>Nous collectons des informations personnelles lorsque vous utilisez notre site web, notamment :<\/p><ul data-start=\"437\" data-end=\"734\"><li data-start=\"437\" data-end=\"618\"><p data-start=\"439\" data-end=\"618\">Informations d&rsquo;identification personnelle (nom, adresse e-mail, num\u00e9ro de t\u00e9l\u00e9phone) lorsque vous vous inscrivez \u00e0 notre newsletter ou remplissez des formulaires sur notre site.<\/p><\/li><li data-start=\"619\" data-end=\"734\"><p data-start=\"621\" data-end=\"734\">Informations de navigation et d&rsquo;utilisation, telles que les pages visit\u00e9es et les interactions avec notre site.<\/p><\/li><\/ul><p data-start=\"736\" data-end=\"865\">Ces donn\u00e9es sont collect\u00e9es avec votre consentement explicite, donn\u00e9 au moment de votre inscription via nos formulaires en ligne.<\/p><p data-start=\"867\" data-end=\"948\"><strong data-start=\"867\" data-end=\"896\">3. Finalit\u00e9 du traitement<\/strong><br data-start=\"896\" data-end=\"899\" \/>Vos donn\u00e9es sont trait\u00e9es dans le seul but de :<\/p><ul data-start=\"949\" data-end=\"1219\"><li data-start=\"949\" data-end=\"1024\"><p data-start=\"951\" data-end=\"1024\">vous informer sur les \u00e9v\u00e9nements, retraites et actualit\u00e9s de Blissence,<\/p><\/li><li data-start=\"1025\" data-end=\"1119\"><p data-start=\"1027\" data-end=\"1119\">g\u00e9rer l&rsquo;envoi des newsletters (environ une fois par mois, sauf activit\u00e9s exceptionnelles),<\/p><\/li><li data-start=\"1120\" data-end=\"1219\"><p data-start=\"1122\" data-end=\"1219\">analyser les taux d&rsquo;ouverture, de clic et les d\u00e9sabonnements afin d&rsquo;am\u00e9liorer nos communications.<\/p><\/li><\/ul><p data-start=\"1221\" data-end=\"1450\"><strong data-start=\"1221\" data-end=\"1261\">4. Outils et services tiers utilis\u00e9s<\/strong><br data-start=\"1261\" data-end=\"1264\" \/><strong data-start=\"1264\" data-end=\"1284\">a. Google Sheets<\/strong><br data-start=\"1284\" data-end=\"1287\" \/>Les donn\u00e9es collect\u00e9es sont stock\u00e9es sur un document Google Sheets s\u00e9curis\u00e9, uniquement accessible \u00e0 l&rsquo;\u00e9quipe de Blissence via un acc\u00e8s restreint et authentifi\u00e9.<\/p><p data-start=\"1452\" data-end=\"1618\"><strong data-start=\"1452\" data-end=\"1469\">b. MailerLite<\/strong><br data-start=\"1469\" data-end=\"1472\" \/>Certaines campagnes ponctuelles sont envoy\u00e9es via MailerLite, un service conforme au RGPD, avec h\u00e9bergement des donn\u00e9es dans l\u2019Union europ\u00e9enne.<\/p><p data-start=\"1620\" data-end=\"1796\"><strong data-start=\"1620\" data-end=\"1637\">c. Infomaniak<\/strong><br data-start=\"1637\" data-end=\"1640\" \/>Nous utilisons principalement Infomaniak (h\u00e9bergeur suisse) pour g\u00e9rer l\u2019envoi de newsletters, le suivi statistique et la gestion des listes de diffusion.<\/p><p data-start=\"1798\" data-end=\"1873\"><strong data-start=\"1798\" data-end=\"1821\">d. Google Analytics<\/strong><br data-start=\"1821\" data-end=\"1824\" \/>Un outil d\u2019analyse d\u2019audience pour site internet.<\/p><p data-start=\"1875\" data-end=\"2105\"><strong data-start=\"1875\" data-end=\"1916\">5. Mesures de s\u00e9curit\u00e9 mises en \u0153uvre<\/strong><br data-start=\"1916\" data-end=\"1919\" \/>Nous mettons en place les mesures techniques et organisationnelles appropri\u00e9es pour garantir la confidentialit\u00e9, l\u2019int\u00e9grit\u00e9 et la disponibilit\u00e9 de vos donn\u00e9es. Cela inclut notamment :<\/p><ul data-start=\"2106\" data-end=\"2418\"><li data-start=\"2106\" data-end=\"2180\"><p data-start=\"2108\" data-end=\"2180\">l\u2019acc\u00e8s restreint et prot\u00e9g\u00e9 par mot de passe aux fichiers de donn\u00e9es,<\/p><\/li><li data-start=\"2181\" data-end=\"2259\"><p data-start=\"2183\" data-end=\"2259\">la double authentification sur nos comptes sensibles (Google, Infomaniak),<\/p><\/li><li data-start=\"2260\" data-end=\"2330\"><p data-start=\"2262\" data-end=\"2330\">l\u2019utilisation de connexions s\u00e9curis\u00e9es (HTTPS) sur notre site web,<\/p><\/li><li data-start=\"2331\" data-end=\"2418\"><p data-start=\"2333\" data-end=\"2418\">la s\u00e9lection de prestataires conformes aux normes suisses et europ\u00e9ennes de s\u00e9curit\u00e9.<\/p><\/li><\/ul><p data-start=\"2420\" data-end=\"2742\"><strong data-start=\"2420\" data-end=\"2473\">6. Transfert de donn\u00e9es hors de Suisse ou de l\u2019UE<\/strong><br data-start=\"2473\" data-end=\"2476\" \/>Certaines donn\u00e9es peuvent \u00eatre stock\u00e9es ou trait\u00e9es en dehors de la Suisse, notamment via Google (Google Sheets) ou MailerLite, dont les serveurs peuvent se situer dans l\u2019Union europ\u00e9enne ou dans des pays reconnus comme disposant d\u2019un niveau de protection ad\u00e9quat.<\/p><p data-start=\"2744\" data-end=\"3012\">Lorsque les donn\u00e9es sont transf\u00e9r\u00e9es vers des pays tiers (hors Suisse\/UE), nous veillons \u00e0 ce que ces transferts soient encadr\u00e9s par des clauses contractuelles types approuv\u00e9es par le Pr\u00e9pos\u00e9 f\u00e9d\u00e9ral \u00e0 la protection des donn\u00e9es ou une autorit\u00e9 de contr\u00f4le \u00e9quivalente.<\/p><p data-start=\"3014\" data-end=\"3222\"><strong data-start=\"3014\" data-end=\"3042\">7. Dur\u00e9e de conservation<\/strong><br data-start=\"3042\" data-end=\"3045\" \/>Vos donn\u00e9es sont conserv\u00e9es aussi longtemps que vous restez abonn\u00e9\u00b7e \u00e0 notre newsletter. En cas de d\u00e9sinscription, vos donn\u00e9es sont supprim\u00e9es dans un d\u00e9lai maximum de 30 jours.<\/p><p data-start=\"3224\" data-end=\"3350\"><strong data-start=\"3224\" data-end=\"3241\">8. Vos droits<\/strong><br data-start=\"3241\" data-end=\"3244\" \/>Conform\u00e9ment \u00e0 la Loi f\u00e9d\u00e9rale sur la protection des donn\u00e9es (nLPD), vous disposez des droits suivants :<\/p><ul data-start=\"3351\" data-end=\"3570\"><li data-start=\"3351\" data-end=\"3396\"><p data-start=\"3353\" data-end=\"3396\">droit d\u2019acc\u00e8s \u00e0 vos donn\u00e9es personnelles,<\/p><\/li><li data-start=\"3397\" data-end=\"3424\"><p data-start=\"3399\" data-end=\"3424\">droit de rectification,<\/p><\/li><li data-start=\"3425\" data-end=\"3450\"><p data-start=\"3427\" data-end=\"3450\">droit de suppression,<\/p><\/li><li data-start=\"3451\" data-end=\"3515\"><p data-start=\"3453\" data-end=\"3515\">droit de limiter ou de refuser le traitement de vos donn\u00e9es,<\/p><\/li><li data-start=\"3516\" data-end=\"3570\"><p data-start=\"3518\" data-end=\"3570\">droit de retirer votre consentement \u00e0 tout moment.<\/p><\/li><\/ul><p data-start=\"3572\" data-end=\"3640\">Pour exercer ces droits, veuillez nous \u00e9crire \u00e0 <a class=\"cursor-pointer\" rel=\"noopener\" data-start=\"3620\" data-end=\"3639\">hello@blissence.org<\/a>.<\/p><p data-start=\"3642\" data-end=\"3712\"><strong data-start=\"3642\" data-end=\"3663\">9. D\u00e9sinscription<\/strong><br data-start=\"3663\" data-end=\"3666\" \/>Vous pouvez vous d\u00e9sinscrire \u00e0 tout moment :<\/p><ul data-start=\"3713\" data-end=\"3833\"><li data-start=\"3713\" data-end=\"3777\"><p data-start=\"3715\" data-end=\"3777\">en cliquant sur le lien pr\u00e9sent en bas de chaque newsletter,<\/p><\/li><li data-start=\"3778\" data-end=\"3833\"><p data-start=\"3780\" data-end=\"3833\">ou en nous envoyant un message \u00e0 <a class=\"cursor-pointer\" rel=\"noopener\" data-start=\"3813\" data-end=\"3832\">hello@blissence.org<\/a>.<\/p><\/li><\/ul>\t\t\t\t\t\t\t\t<\/div>\n\t\t\t\t<\/div>\n\t\t\t\t\t<\/div>\n\t\t<\/div>\n\t\t\t\t\t<\/div>\n\t\t<\/section>\n\t\t\t\t<\/div>\n\t\t\n    <div class=\"xs_social_share_widget xs_share_url after_content \t\tmain_content  wslu-style-1 wslu-share-box-shaped wslu-fill-colored wslu-none wslu-share-horizontal wslu-theme-font-no wslu-main_content\">\n\n\t\t\n        <ul>\n\t\t\t        <\/ul>\n    <\/div> \n","protected":false},"excerpt":{"rendered":"<p>1. Responsable du traitementLe responsable du traitement des donn\u00e9es personnelles collect\u00e9es via ce site est :BlissenceRue Sainte-Beuve 3, 1005 Lausanne \u2013 SuisseEmail : hello@blissence.org 2. Donn\u00e9es personnelles collect\u00e9esNous collectons des&hellip;<\/p>\n","protected":false},"author":1,"featured_media":0,"parent":0,"menu_order":0,"comment_status":"closed","ping_status":"closed","template":"","meta":{"footnotes":""},"class_list":["post-9041","page","type-page","status-publish","hentry"],"_links":{"self":[{"href":"https:\/\/blissence.org\/index.php?rest_route=\/wp\/v2\/pages\/9041","targetHints":{"allow":["GET"]}}],"collection":[{"href":"https:\/\/blissence.org\/index.php?rest_route=\/wp\/v2\/pages"}],"about":[{"href":"https:\/\/blissence.org\/index.php?rest_route=\/wp\/v2\/types\/page"}],"author":[{"embeddable":true,"href":"https:\/\/blissence.org\/index.php?rest_route=\/wp\/v2\/users\/1"}],"replies":[{"embeddable":true,"href":"https:\/\/blissence.org\/index.php?rest_route=%2Fwp%2Fv2%2Fcomments&post=9041"}],"version-history":[{"count":3,"href":"https:\/\/blissence.org\/index.php?rest_route=\/wp\/v2\/pages\/9041\/revisions"}],"predecessor-version":[{"id":42771,"href":"https:\/\/blissence.org\/index.php?rest_route=\/wp\/v2\/pages\/9041\/revisions\/42771"}],"wp:attachment":[{"href":"https:\/\/blissence.org\/index.php?rest_route=%2Fwp%2Fv2%2Fmedia&parent=9041"}],"curies":[{"name":"wp","href":"https:\/\/api.w.org\/{rel}","templated":true}]}}